{"id":307,"date":"2024-10-22T11:12:07","date_gmt":"2024-10-22T09:12:07","guid":{"rendered":"https:\/\/smilemakr.de\/de\/?page_id=307"},"modified":"2025-11-23T20:08:58","modified_gmt":"2025-11-23T19:08:58","slug":"masterclass","status":"publish","type":"page","link":"https:\/\/smilemakr.de\/de\/masterclass\/","title":{"rendered":"Masterclass"},"content":{"rendered":"<p><strong>Mit \u00fcber 30 Jahren Erfahrung im Bereich der Zahntechnik und einem renommierten Fachlabor in Frankfurt, steht Carsten Fischer f\u00fcr h\u00f6chste Qualit\u00e4t und Expertise. Seine Vortr\u00e4ge und Publikationen sind national als auch \u00fcber den Landesgrenzen hinweg anerkannt und als Berater und Markenbotschafter genie\u00dft er weltweites Ansehen.<\/strong><\/p>\n<p>Seine Masterclasses bieten Laboren die einzigartige M\u00f6glichkeit, praxisnahes Wissen direkt von einem der f\u00fchrenden Spezialisten f\u00fcr vollkeramische Versorgungen zu erlernen. Profitieren Sie von seinem umfassenden Know-how und lassen Sie sich individuell schulen, um Ihre Arbeit auf das n\u00e4chste Level zu bringen.<\/p>\n","protected":false},"excerpt":{"rendered":"<p>Mit \u00fcber 30 Jahren Erfahrung im Bereich der Zahntechnik und einem renommierten Fachlabor in Frankfurt, steht Carsten Fischer f\u00fcr h\u00f6chste Qualit\u00e4t und Expertise. Seine Vortr\u00e4ge und Publikationen sind national als auch \u00fcber den Landesgrenzen hinweg anerkannt und als Berater und Markenbotschafter genie\u00dft er weltweites Ansehen. Seine Masterclasses bieten Laboren die einzigartige M\u00f6glichkeit, praxisnahes Wissen direkt [&hellip;]<\/p>\n","protected":false},"author":1,"featured_media":0,"parent":0,"menu_order":650,"comment_status":"closed","ping_status":"closed","template":"","meta":{"_acf_changed":false,"footnotes":""},"class_list":["post-307","page","type-page","status-publish","hentry"],"acf":[],"aioseo_notices":[],"_links":{"self":[{"href":"https:\/\/smilemakr.de\/de\/wp-json\/wp\/v2\/pages\/307","targetHints":{"allow":["GET"]}}],"collection":[{"href":"https:\/\/smilemakr.de\/de\/wp-json\/wp\/v2\/pages"}],"about":[{"href":"https:\/\/smilemakr.de\/de\/wp-json\/wp\/v2\/types\/page"}],"author":[{"embeddable":true,"href":"https:\/\/smilemakr.de\/de\/wp-json\/wp\/v2\/users\/1"}],"replies":[{"embeddable":true,"href":"https:\/\/smilemakr.de\/de\/wp-json\/wp\/v2\/comments?post=307"}],"version-history":[{"count":4,"href":"https:\/\/smilemakr.de\/de\/wp-json\/wp\/v2\/pages\/307\/revisions"}],"predecessor-version":[{"id":711,"href":"https:\/\/smilemakr.de\/de\/wp-json\/wp\/v2\/pages\/307\/revisions\/711"}],"wp:attachment":[{"href":"https:\/\/smilemakr.de\/de\/wp-json\/wp\/v2\/media?parent=307"}],"curies":[{"name":"wp","href":"https:\/\/api.w.org\/{rel}","templated":true}]}}