{"id":2,"date":"2024-05-21T09:40:16","date_gmt":"2024-05-21T07:40:16","guid":{"rendered":"http:\/\/siriusceramics\/de\/?page_id=2"},"modified":"2026-04-03T20:01:20","modified_gmt":"2026-04-03T18:01:20","slug":"startseite","status":"publish","type":"page","link":"https:\/\/smilemakr.de\/de\/","title":{"rendered":"Herzlich willkommen!"},"content":{"rendered":"<p>Willkommen bei Sirius Ceramics \u2013 Ihrem Experten f\u00fcr erstklassigen Zahnersatz. Wir, Carsten Fischer und unser engagiertes Team, blicken auf \u00fcber 25 Jahre Erfahrung in der Zahntechnik zur\u00fcck. In unserem hochmodernen Labor in Frankfurt setzen wir t\u00e4glich Ma\u00dfst\u00e4be in der Herstellung hochwertiger, vor allem keramischer Zahnversorgungen f\u00fcr Menschen, die den Wert eines strahlenden L\u00e4chelns sch\u00e4tzen.<\/p>\n<p>Meine <a href=\"\/de\/publikationen\/\">Fachvortr\u00e4ge und Artikel<\/a> werden regelm\u00e4\u00dfig in f\u00fchrenden Fachmagazinen ver\u00f6ffentlicht und weltweit von Experten gelesen. F\u00fcr namhafte Hersteller dentaler Werkstoffe und Instrumente berate und unterst\u00fctze ich seit vielen Jahren als Sparringspartner und Markenbotschafter. Vertrauen Sie auf unsere Expertise und lassen Sie sich von den <a href=\"\/de\/zaehne\/cases\/\">besten L\u00f6sungen<\/a> f\u00fcr Ihr sch\u00f6nstes L\u00e4cheln begeistern.<\/p>\n","protected":false},"excerpt":{"rendered":"<p>Willkommen bei Sirius Ceramics \u2013 Ihrem Experten f\u00fcr erstklassigen Zahnersatz. Wir, Carsten Fischer und unser engagiertes Team, blicken auf \u00fcber 25 Jahre Erfahrung in der Zahntechnik zur\u00fcck. In unserem hochmodernen Labor in Frankfurt setzen wir t\u00e4glich Ma\u00dfst\u00e4be in der Herstellung hochwertiger, vor allem keramischer Zahnversorgungen f\u00fcr Menschen, die den Wert eines strahlenden L\u00e4chelns sch\u00e4tzen. Meine [&hellip;]<\/p>\n","protected":false},"author":1,"featured_media":0,"parent":0,"menu_order":100,"comment_status":"closed","ping_status":"closed","template":"","meta":{"_acf_changed":false,"footnotes":""},"class_list":["post-2","page","type-page","status-publish","hentry"],"acf":[],"aioseo_notices":[],"_links":{"self":[{"href":"https:\/\/smilemakr.de\/de\/wp-json\/wp\/v2\/pages\/2","targetHints":{"allow":["GET"]}}],"collection":[{"href":"https:\/\/smilemakr.de\/de\/wp-json\/wp\/v2\/pages"}],"about":[{"href":"https:\/\/smilemakr.de\/de\/wp-json\/wp\/v2\/types\/page"}],"author":[{"embeddable":true,"href":"https:\/\/smilemakr.de\/de\/wp-json\/wp\/v2\/users\/1"}],"replies":[{"embeddable":true,"href":"https:\/\/smilemakr.de\/de\/wp-json\/wp\/v2\/comments?post=2"}],"version-history":[{"count":5,"href":"https:\/\/smilemakr.de\/de\/wp-json\/wp\/v2\/pages\/2\/revisions"}],"predecessor-version":[{"id":773,"href":"https:\/\/smilemakr.de\/de\/wp-json\/wp\/v2\/pages\/2\/revisions\/773"}],"wp:attachment":[{"href":"https:\/\/smilemakr.de\/de\/wp-json\/wp\/v2\/media?parent=2"}],"curies":[{"name":"wp","href":"https:\/\/api.w.org\/{rel}","templated":true}]}}