{"id":158,"date":"2024-09-14T12:32:33","date_gmt":"2024-09-14T10:32:33","guid":{"rendered":"http:\/\/siriusceramics\/de\/?page_id=158"},"modified":"2024-11-07T13:00:37","modified_gmt":"2024-11-07T12:00:37","slug":"cases","status":"publish","type":"page","link":"https:\/\/smilemakr.de\/de\/zaehne\/cases\/","title":{"rendered":"Res\u00fcmee"},"content":{"rendered":"<p><strong>Liebe Patientinnen und Patienten,<\/strong><\/p>\n<p>In unserem zahntechnischen Fachbetrieb stehen Ihre W\u00fcnsche und individuellen Bed\u00fcrfnisse immer im Mittelpunkt. Die Planung Ihrer zahntechnischen Versorgung ist somit f\u00fcr uns ganz wichtig so das f\u00fcr alle beteiligten das Ziel klar definiert und im Fokus steht.<\/p>\n<p>Um dies zu gew\u00e4hrleisten, habe ich ein einzigartiges System entwickelt, das auf vier zentralen Achsen basiert: <a href=\"\/de\/zaehne\/sicherheit\/\">Sicherheit<\/a>, <a href=\"\/de\/zaehne\/sehnsucht\/\">Sehnsucht<\/a>, <a href=\"\/de\/zaehne\/leidenschaft\/\">Leidenschaft<\/a> und <a href=\"\/de\/zaehne\/emotion\/\">Emotion<\/a> und Ihre W\u00fcnsche korrekt einsch\u00e4tzen zu k\u00f6nnen.<\/p>\n","protected":false},"excerpt":{"rendered":"<p>Liebe Patientinnen und Patienten, In unserem zahntechnischen Fachbetrieb stehen Ihre W\u00fcnsche und individuellen Bed\u00fcrfnisse immer im Mittelpunkt. Die Planung Ihrer zahntechnischen Versorgung ist somit f\u00fcr uns ganz wichtig so das f\u00fcr alle beteiligten das Ziel klar definiert und im Fokus steht. Um dies zu gew\u00e4hrleisten, habe ich ein einzigartiges System entwickelt, das auf vier zentralen [&hellip;]<\/p>\n","protected":false},"author":1,"featured_media":0,"parent":99,"menu_order":210,"comment_status":"closed","ping_status":"closed","template":"page-templates\/page-cases-overview.php","meta":{"_acf_changed":false,"footnotes":""},"class_list":["post-158","page","type-page","status-publish","hentry"],"acf":[],"aioseo_notices":[],"_links":{"self":[{"href":"https:\/\/smilemakr.de\/de\/wp-json\/wp\/v2\/pages\/158","targetHints":{"allow":["GET"]}}],"collection":[{"href":"https:\/\/smilemakr.de\/de\/wp-json\/wp\/v2\/pages"}],"about":[{"href":"https:\/\/smilemakr.de\/de\/wp-json\/wp\/v2\/types\/page"}],"author":[{"embeddable":true,"href":"https:\/\/smilemakr.de\/de\/wp-json\/wp\/v2\/users\/1"}],"replies":[{"embeddable":true,"href":"https:\/\/smilemakr.de\/de\/wp-json\/wp\/v2\/comments?post=158"}],"version-history":[{"count":4,"href":"https:\/\/smilemakr.de\/de\/wp-json\/wp\/v2\/pages\/158\/revisions"}],"predecessor-version":[{"id":528,"href":"https:\/\/smilemakr.de\/de\/wp-json\/wp\/v2\/pages\/158\/revisions\/528"}],"up":[{"embeddable":true,"href":"https:\/\/smilemakr.de\/de\/wp-json\/wp\/v2\/pages\/99"}],"wp:attachment":[{"href":"https:\/\/smilemakr.de\/de\/wp-json\/wp\/v2\/media?parent=158"}],"curies":[{"name":"wp","href":"https:\/\/api.w.org\/{rel}","templated":true}]}}