{"id":155,"date":"2024-09-14T12:15:49","date_gmt":"2024-09-14T10:15:49","guid":{"rendered":"http:\/\/siriusceramics\/de\/?page_id=155"},"modified":"2024-11-08T09:48:42","modified_gmt":"2024-11-08T08:48:42","slug":"sehnsucht","status":"publish","type":"page","link":"https:\/\/smilemakr.de\/de\/zaehne\/sehnsucht\/","title":{"rendered":"Sehnsucht"},"content":{"rendered":"<p><strong>Bei der Entscheidung f\u00fcr Zahnersatz im Frontzahnbereich spielen oft tiefe Sehns\u00fcchte eine Rolle. Hier geht es nicht nur um Funktionalit\u00e4t, sondern vor allem um Harmonie, Einklang und Identit\u00e4t.<\/strong><\/p>\n<p>Viele Menschen w\u00fcnschen sich ein strahlendes L\u00e4cheln, das ihnen nat\u00fcrliche Ausstrahlung und Lebensfreude zur\u00fcckgibt. Die Erwartungen sind hoch, denn gerade im Frontzahnbereich z\u00e4hlt jedes Detail. Unser Ziel ist es, diesen W\u00fcnschen gerecht zu werden und den Patienten ein neues Gef\u00fchl von Wohlbefinden zu schenken.<\/p>\n","protected":false},"excerpt":{"rendered":"<p>Bei der Entscheidung f\u00fcr Zahnersatz im Frontzahnbereich spielen oft tiefe Sehns\u00fcchte eine Rolle. Hier geht es nicht nur um Funktionalit\u00e4t, sondern vor allem um Harmonie, Einklang und Identit\u00e4t. Viele Menschen w\u00fcnschen sich ein strahlendes L\u00e4cheln, das ihnen nat\u00fcrliche Ausstrahlung und Lebensfreude zur\u00fcckgibt. Die Erwartungen sind hoch, denn gerade im Frontzahnbereich z\u00e4hlt jedes Detail. Unser Ziel [&hellip;]<\/p>\n","protected":false},"author":1,"featured_media":0,"parent":99,"menu_order":250,"comment_status":"closed","ping_status":"closed","template":"page-templates\/page-cases.php","meta":{"_acf_changed":false,"footnotes":""},"class_list":["post-155","page","type-page","status-publish","hentry"],"acf":[],"aioseo_notices":[],"_links":{"self":[{"href":"https:\/\/smilemakr.de\/de\/wp-json\/wp\/v2\/pages\/155","targetHints":{"allow":["GET"]}}],"collection":[{"href":"https:\/\/smilemakr.de\/de\/wp-json\/wp\/v2\/pages"}],"about":[{"href":"https:\/\/smilemakr.de\/de\/wp-json\/wp\/v2\/types\/page"}],"author":[{"embeddable":true,"href":"https:\/\/smilemakr.de\/de\/wp-json\/wp\/v2\/users\/1"}],"replies":[{"embeddable":true,"href":"https:\/\/smilemakr.de\/de\/wp-json\/wp\/v2\/comments?post=155"}],"version-history":[{"count":3,"href":"https:\/\/smilemakr.de\/de\/wp-json\/wp\/v2\/pages\/155\/revisions"}],"predecessor-version":[{"id":551,"href":"https:\/\/smilemakr.de\/de\/wp-json\/wp\/v2\/pages\/155\/revisions\/551"}],"up":[{"embeddable":true,"href":"https:\/\/smilemakr.de\/de\/wp-json\/wp\/v2\/pages\/99"}],"wp:attachment":[{"href":"https:\/\/smilemakr.de\/de\/wp-json\/wp\/v2\/media?parent=155"}],"curies":[{"name":"wp","href":"https:\/\/api.w.org\/{rel}","templated":true}]}}