{"id":154,"date":"2024-09-14T12:15:38","date_gmt":"2024-09-14T10:15:38","guid":{"rendered":"http:\/\/siriusceramics\/de\/?page_id=154"},"modified":"2024-11-07T12:34:27","modified_gmt":"2024-11-07T11:34:27","slug":"sicherheit","status":"publish","type":"page","link":"https:\/\/smilemakr.de\/de\/zaehne\/sicherheit\/","title":{"rendered":"Sicherheit"},"content":{"rendered":"<p><strong>Die Sicherheit der prothetischen Versorgung steht bei uns an oberster Stelle \u2013 sie ist das Fundament einer vertrauensvollen Patientenbeziehung. Wenn der Patient im Mittelpunkt steht, wird jede Versorgung auf h\u00f6chste Qualit\u00e4t und Zuverl\u00e4ssigkeit ausgelegt.<\/strong><\/p>\n<p>Unsere Prozesse sind darauf abgestimmt, Risiken zu minimieren und den Tragekomfort zu maximieren. Modernste Technologien und regelm\u00e4\u00dfige Kontrollen sorgen f\u00fcr eine bestm\u00f6gliche Versorgung. So schaffen wir Sicherheit, auf die sich unsere Patienten verlassen k\u00f6nnen.<\/p>\n","protected":false},"excerpt":{"rendered":"<p>Die Sicherheit der prothetischen Versorgung steht bei uns an oberster Stelle \u2013 sie ist das Fundament einer vertrauensvollen Patientenbeziehung. Wenn der Patient im Mittelpunkt steht, wird jede Versorgung auf h\u00f6chste Qualit\u00e4t und Zuverl\u00e4ssigkeit ausgelegt. Unsere Prozesse sind darauf abgestimmt, Risiken zu minimieren und den Tragekomfort zu maximieren. Modernste Technologien und regelm\u00e4\u00dfige Kontrollen sorgen f\u00fcr eine [&hellip;]<\/p>\n","protected":false},"author":1,"featured_media":0,"parent":99,"menu_order":240,"comment_status":"closed","ping_status":"closed","template":"page-templates\/page-cases.php","meta":{"_acf_changed":false,"footnotes":""},"class_list":["post-154","page","type-page","status-publish","hentry"],"acf":[],"aioseo_notices":[],"_links":{"self":[{"href":"https:\/\/smilemakr.de\/de\/wp-json\/wp\/v2\/pages\/154","targetHints":{"allow":["GET"]}}],"collection":[{"href":"https:\/\/smilemakr.de\/de\/wp-json\/wp\/v2\/pages"}],"about":[{"href":"https:\/\/smilemakr.de\/de\/wp-json\/wp\/v2\/types\/page"}],"author":[{"embeddable":true,"href":"https:\/\/smilemakr.de\/de\/wp-json\/wp\/v2\/users\/1"}],"replies":[{"embeddable":true,"href":"https:\/\/smilemakr.de\/de\/wp-json\/wp\/v2\/comments?post=154"}],"version-history":[{"count":3,"href":"https:\/\/smilemakr.de\/de\/wp-json\/wp\/v2\/pages\/154\/revisions"}],"predecessor-version":[{"id":479,"href":"https:\/\/smilemakr.de\/de\/wp-json\/wp\/v2\/pages\/154\/revisions\/479"}],"up":[{"embeddable":true,"href":"https:\/\/smilemakr.de\/de\/wp-json\/wp\/v2\/pages\/99"}],"wp:attachment":[{"href":"https:\/\/smilemakr.de\/de\/wp-json\/wp\/v2\/media?parent=154"}],"curies":[{"name":"wp","href":"https:\/\/api.w.org\/{rel}","templated":true}]}}