{"id":111,"date":"2024-08-07T09:48:03","date_gmt":"2024-08-07T07:48:03","guid":{"rendered":"http:\/\/siriusceramics\/de\/?page_id=111"},"modified":"2024-11-07T12:34:16","modified_gmt":"2024-11-07T11:34:16","slug":"emotion","status":"publish","type":"page","link":"https:\/\/smilemakr.de\/de\/zaehne\/emotion\/","title":{"rendered":"Emotion"},"content":{"rendered":"<p><strong>Bringen Sie Ihre Emotionen und W\u00fcnsche f\u00fcr Ihr neues L\u00e4cheln gerne ein \u2013 sie sind der Schl\u00fcssel zu einem Ergebnis, das Sie gl\u00fccklich macht. <\/strong><\/p>\n<p>Mit all unserer Erfahrung und Expertise setzen wir alles daran, diese starken Gef\u00fchle in die Gestaltung einflie\u00dfen zu lassen.Wir verstehen, dass ein L\u00e4cheln mehr ist als \u00c4sthetik; es ist Ausdruck von Pers\u00f6nlichkeit und Selbstbewusstsein. Gemeinsam schaffen wir eine L\u00f6sung, die genau zu Ihnen passt und Ihre Erwartungen erf\u00fcllt.<\/p>\n","protected":false},"excerpt":{"rendered":"<p>Bringen Sie Ihre Emotionen und W\u00fcnsche f\u00fcr Ihr neues L\u00e4cheln gerne ein \u2013 sie sind der Schl\u00fcssel zu einem Ergebnis, das Sie gl\u00fccklich macht. Mit all unserer Erfahrung und Expertise setzen wir alles daran, diese starken Gef\u00fchle in die Gestaltung einflie\u00dfen zu lassen.Wir verstehen, dass ein L\u00e4cheln mehr ist als \u00c4sthetik; es ist Ausdruck von [&hellip;]<\/p>\n","protected":false},"author":1,"featured_media":0,"parent":99,"menu_order":240,"comment_status":"closed","ping_status":"closed","template":"page-templates\/page-cases.php","meta":{"_acf_changed":false,"footnotes":""},"class_list":["post-111","page","type-page","status-publish","hentry"],"acf":[],"aioseo_notices":[],"_links":{"self":[{"href":"https:\/\/smilemakr.de\/de\/wp-json\/wp\/v2\/pages\/111","targetHints":{"allow":["GET"]}}],"collection":[{"href":"https:\/\/smilemakr.de\/de\/wp-json\/wp\/v2\/pages"}],"about":[{"href":"https:\/\/smilemakr.de\/de\/wp-json\/wp\/v2\/types\/page"}],"author":[{"embeddable":true,"href":"https:\/\/smilemakr.de\/de\/wp-json\/wp\/v2\/users\/1"}],"replies":[{"embeddable":true,"href":"https:\/\/smilemakr.de\/de\/wp-json\/wp\/v2\/comments?post=111"}],"version-history":[{"count":3,"href":"https:\/\/smilemakr.de\/de\/wp-json\/wp\/v2\/pages\/111\/revisions"}],"predecessor-version":[{"id":495,"href":"https:\/\/smilemakr.de\/de\/wp-json\/wp\/v2\/pages\/111\/revisions\/495"}],"up":[{"embeddable":true,"href":"https:\/\/smilemakr.de\/de\/wp-json\/wp\/v2\/pages\/99"}],"wp:attachment":[{"href":"https:\/\/smilemakr.de\/de\/wp-json\/wp\/v2\/media?parent=111"}],"curies":[{"name":"wp","href":"https:\/\/api.w.org\/{rel}","templated":true}]}}